{"id":41,"date":"2015-10-04T18:26:39","date_gmt":"2015-10-04T18:26:39","guid":{"rendered":"http:\/\/demo.hashthemes.com\/hashone\/?page_id=41"},"modified":"2021-06-11T08:10:26","modified_gmt":"2021-06-11T08:10:26","slug":"develop-objectives","status":"publish","type":"page","link":"http:\/\/www.stenungsundsbud.com\/?page_id=41","title":{"rendered":"Farligt godsservice"},"content":{"rendered":"\n<p>I mer \u00e4n 35 \u00e5r har vi hj\u00e4lpt kunder med farligt godsfr\u00e5gor. Det kan g\u00e4lla&nbsp;transporter och fr\u00e5gor runt om, dokumentation, f\u00f6rpackning, klassificering och m\u00e4rkning.<br><br>Kundernas krav har \u00f6kat och vi har givetvis h\u00f6jt v\u00e5r kompetens. Vi har nu en instrukt\u00f6r f\u00f6r s\u00e4kerhetsr\u00e5dgivare och tv\u00e5 s\u00e4kerhetsr\u00e5dgivare som \u00e4r&nbsp;examinerade &nbsp;f\u00f6r samtliga transportslag och dessutom en godk\u00e4nd ADR l\u00e4rare. V\u00e5ra chauff\u00f6rer har ADR-utbildning med specialutbildning f\u00f6r radioaktivt och explosivt gods. Vi har tillst\u00e5nd av L\u00e4nstyrelsen i V\u00e4stra G\u00f6taland&nbsp;att transportera farligt avfall.<\/p>\n\n\n\n<p>Dokument: Vi hj\u00e4lper Dig med n\u00f6dv\u00e4ndiga transportdokument, skriver ut f\u00f6rlagor eller original. Godsdeklarationer&nbsp; f\u00f6r v\u00e4g, j\u00e4rnv\u00e4g. Dangerous Goods Declaration och Container Packing Certificate f\u00f6r b\u00e5t eller Shipper\u00b4s Declaration for Dangerous Goods f\u00f6r flyg.<\/p>\n\n\n\n<p>Etiketter: Vi lagerf\u00f6r farligt godsetiketter och s\u00e5 kallade placards och andra transportetiketter. \u00d6verl\u00e5telseetiketter och sj\u00e4lvh\u00e4ftande ADR\/RID skyltar f\u00f6r tankar finns eller trycks upp efter behov till mycket konkurrenskraftigt pris.<\/p>\n\n\n\n<p>F\u00f6rpackningar: Vissa vanliga godk\u00e4nda emballage lagerf\u00f6res. Vi hj\u00e4lper g\u00e4rna till att ta fram l\u00e4mpligt emballage som passar just Ditt behov. Dessutom kan vi ombes\u00f6rja packningen s\u00e5 att den blir korrekt utf\u00f6rd enligt g\u00e4llande regelverk.<br>Vi utf\u00f6r \u00e4ven periodiska kontroller av IBC-beh\u00e5llare med auktoriserad besiktningsman utbildad av Sveriges Provnings- och Forskningsinstitut.<\/p>\n\n\n\n<p>Utbildning: Kursledaren \u00e4r v\u00e4l kvalificerad och \u00e4r utexaminerad s\u00e4kerhetsr\u00e5dgivare f\u00f6r samtliga transportslag. Han har bla genomg\u00e5tt R\u00e4ddningsverkets instrukt\u00f6rsutbildning f\u00f6r s\u00e4kerhetsr\u00e5dgivare, ADR-l\u00e4rareutbildning, Chalmers Tekniska H\u00f6gskolas farligt gods kurser samt Dangerous Goods Management enligt SAP. Anpassade farligt godskurser enligt ADR 1.3 ges efter samr\u00e5d med arbetsgivare.<\/p>\n\n\n\n<p>S\u00e4kerhetsr\u00e5dgivare: Varje transport\u00f6r eller avs\u00e4ndare av farligt gods, med n\u00e5gra f\u00e5 undantag, \u00e4r skyldiga att ha en s\u00e4kerhetsr\u00e5dgivare. Denne kan vara en anst\u00e4lld eller externt anlitad. V\u00e5ra s\u00e4kerhetsr\u00e5dgivare har kompetens f\u00f6r samtliga fyra transportslag och \u00e4r sedan \u00e5r 2000 r\u00e5dgivare f\u00f6r stora kemif\u00f6retag och\u00a0hamnar. Om du \u00e4r os\u00e4ker kan vi hj\u00e4lpa till att analysera ev. behov och offerera tj\u00e4nsten.<\/p>\n\n\n\n<p>Konsulttj\u00e4nst: F\u00f6r konkreta utredningar av farligt godsnatur, klassificering, riskanalys, lagerplanering o.s.v. kontakta oss f\u00f6r offert.<\/p>\n\n\n\n<p>Radioaktivt:&nbsp;Vi har m\u00e5ng\u00e5rig erfarenhet av radioaktiva transporter av varierande slag.<\/p>\n\n\n\n<p>Tel. 0303 \u2013 69393 \/ Birger<\/p>\n","protected":false},"excerpt":{"rendered":"<p>I mer \u00e4n 35 \u00e5r har vi hj\u00e4lpt kunder med farligt godsfr\u00e5gor. Det kan g\u00e4lla&nbsp;transporter och fr\u00e5gor runt om, dokumentation, f\u00f6rpackning, klassificering och m\u00e4rkning. Kundernas krav har \u00f6kat och vi har givetvis h\u00f6jt v\u00e5r kompetens. Vi har nu en instrukt\u00f6r f\u00f6r s\u00e4kerhetsr\u00e5dgivare och tv\u00e5 s\u00e4kerhetsr\u00e5dgivare som \u00e4r&nbsp;examinerade &nbsp;f\u00f6r samtliga transportslag och dessutom en godk\u00e4nd ADR [&hellip;]<\/p>\n","protected":false},"author":1,"featured_media":0,"parent":0,"menu_order":0,"comment_status":"closed","ping_status":"closed","template":"","meta":{"footnotes":""},"class_list":["post-41","page","type-page","status-publish","hentry"],"aioseo_notices":[],"_links":{"self":[{"href":"http:\/\/www.stenungsundsbud.com\/index.php?rest_route=\/wp\/v2\/pages\/41","targetHints":{"allow":["GET"]}}],"collection":[{"href":"http:\/\/www.stenungsundsbud.com\/index.php?rest_route=\/wp\/v2\/pages"}],"about":[{"href":"http:\/\/www.stenungsundsbud.com\/index.php?rest_route=\/wp\/v2\/types\/page"}],"author":[{"embeddable":true,"href":"http:\/\/www.stenungsundsbud.com\/index.php?rest_route=\/wp\/v2\/users\/1"}],"replies":[{"embeddable":true,"href":"http:\/\/www.stenungsundsbud.com\/index.php?rest_route=%2Fwp%2Fv2%2Fcomments&post=41"}],"version-history":[{"count":4,"href":"http:\/\/www.stenungsundsbud.com\/index.php?rest_route=\/wp\/v2\/pages\/41\/revisions"}],"predecessor-version":[{"id":760,"href":"http:\/\/www.stenungsundsbud.com\/index.php?rest_route=\/wp\/v2\/pages\/41\/revisions\/760"}],"wp:attachment":[{"href":"http:\/\/www.stenungsundsbud.com\/index.php?rest_route=%2Fwp%2Fv2%2Fmedia&parent=41"}],"curies":[{"name":"wp","href":"https:\/\/api.w.org\/{rel}","templated":true}]}}