{"id":177,"date":"2016-02-13T12:45:03","date_gmt":"2016-02-13T12:45:03","guid":{"rendered":"http:\/\/demo.hashthemes.com\/hashone\/?page_id=177"},"modified":"2024-08-25T11:06:38","modified_gmt":"2024-08-25T11:06:38","slug":"contact","status":"publish","type":"page","link":"http:\/\/www.stenungsundsbud.com\/?page_id=177","title":{"rendered":"Kontakta oss"},"content":{"rendered":"\n<p><strong>Administrativ &amp; bes\u00f6ksadress:<\/strong><\/p>\n\n\n\n<p>Stenungsunds Bud AB<\/p>\n\n\n\n<p><\/p>\n\n\n\n<p>Hj\u00e4lmarev\u00e4gen 14<\/p>\n\n\n\n<p>Telefon: +46303-69333<br>444 31 Stenungsund<\/p>\n\n\n\n<div class=\"wp-block-webfactory-map\"><div class=\"wp-block-webfactory-map\"><iframe loading=\"lazy\" width=\"100%\" height=\"449px\" src=\"https:\/\/www.google.com\/maps\/embed\/v1\/place?q=hj%C3%A4lmarev%C3%A4gen%2014&amp;maptype=roadmap&amp;zoom=16&amp;key=AIzaSyAjyDspiPfzEfjRSS5fQzm-3jHFjHxeXB4\" frameborder=\"0\"><\/iframe><\/div><\/div>\n\n\n\n<p>Telefon:<br>0303 \u2013 69333 \/ 24h dygnet.<\/p>\n\n\n\n<p><\/p>\n\n\n\n<p>Mail:<br>info@stenungsundsbud.com \/ allm\u00e4n info<br>birger@stenungsundsbud.com \/ farligt gods mm.<br>lisbeth@stenungsundsbud.com \/ administration<\/p>\n","protected":false},"excerpt":{"rendered":"<p>Administrativ &amp; bes\u00f6ksadress: Stenungsunds Bud AB Hj\u00e4lmarev\u00e4gen 14 Telefon: +46303-69333444 31 Stenungsund Telefon:0303 \u2013 69333 \/ 24h dygnet. Mail:info@stenungsundsbud.com \/ allm\u00e4n infobirger@stenungsundsbud.com \/ farligt gods mm.lisbeth@stenungsundsbud.com \/ administration<\/p>\n","protected":false},"author":1,"featured_media":0,"parent":0,"menu_order":0,"comment_status":"closed","ping_status":"closed","template":"","meta":{"footnotes":""},"class_list":["post-177","page","type-page","status-publish","hentry"],"aioseo_notices":[],"_links":{"self":[{"href":"http:\/\/www.stenungsundsbud.com\/index.php?rest_route=\/wp\/v2\/pages\/177","targetHints":{"allow":["GET"]}}],"collection":[{"href":"http:\/\/www.stenungsundsbud.com\/index.php?rest_route=\/wp\/v2\/pages"}],"about":[{"href":"http:\/\/www.stenungsundsbud.com\/index.php?rest_route=\/wp\/v2\/types\/page"}],"author":[{"embeddable":true,"href":"http:\/\/www.stenungsundsbud.com\/index.php?rest_route=\/wp\/v2\/users\/1"}],"replies":[{"embeddable":true,"href":"http:\/\/www.stenungsundsbud.com\/index.php?rest_route=%2Fwp%2Fv2%2Fcomments&post=177"}],"version-history":[{"count":5,"href":"http:\/\/www.stenungsundsbud.com\/index.php?rest_route=\/wp\/v2\/pages\/177\/revisions"}],"predecessor-version":[{"id":768,"href":"http:\/\/www.stenungsundsbud.com\/index.php?rest_route=\/wp\/v2\/pages\/177\/revisions\/768"}],"wp:attachment":[{"href":"http:\/\/www.stenungsundsbud.com\/index.php?rest_route=%2Fwp%2Fv2%2Fmedia&parent=177"}],"curies":[{"name":"wp","href":"https:\/\/api.w.org\/{rel}","templated":true}]}}